{"id":1738,"date":"2023-12-20T14:21:40","date_gmt":"2023-12-20T14:21:40","guid":{"rendered":"https:\/\/reset.earth\/?page_id=1738"},"modified":"2025-12-29T17:15:44","modified_gmt":"2025-12-29T16:15:44","slug":"mentions-legales","status":"publish","type":"page","link":"https:\/\/reset.earth\/en\/mentions-legales\/","title":{"rendered":"Mentions l\u00e9gales"},"content":{"rendered":"<div data-elementor-type=\"wp-page\" data-elementor-id=\"1738\" class=\"elementor elementor-1738\" data-elementor-post-type=\"page\">\n\t\t\t\t<div class=\"elementor-element elementor-element-66ea06c e-flex e-con-boxed e-con e-parent\" data-id=\"66ea06c\" data-element_type=\"container\" data-e-type=\"container\" data-settings=\"{&quot;background_background&quot;:&quot;classic&quot;}\">\n\t\t\t\t\t<div class=\"e-con-inner\">\n\t\t\t\t<div class=\"elementor-element elementor-element-67def57 elementor-widget elementor-widget-heading\" data-id=\"67def57\" data-element_type=\"widget\" data-e-type=\"widget\" data-widget_type=\"heading.default\">\n\t\t\t\t<div class=\"elementor-widget-container\">\n\t\t\t\t\t<h1 class=\"elementor-heading-title elementor-size-default\">LEGAL NOTICES<\/h1>\t\t\t\t<\/div>\n\t\t\t\t<\/div>\n\t\t\t\t\t<\/div>\n\t\t\t\t<\/div>\n\t\t<div class=\"elementor-element elementor-element-a4c88c2 e-flex e-con-boxed e-con e-parent\" data-id=\"a4c88c2\" data-element_type=\"container\" data-e-type=\"container\">\n\t\t\t\t\t<div class=\"e-con-inner\">\n\t\t\t\t<div class=\"elementor-element elementor-element-099c0aa elementor-widget elementor-widget-text-editor\" data-id=\"099c0aa\" data-element_type=\"widget\" data-e-type=\"widget\" data-widget_type=\"text-editor.default\">\n\t\t\t\t<div class=\"elementor-widget-container\">\n\t\t\t\t\t\t\t\t\t<p><strong>EDITION<\/strong><\/p><p><a href=\"https:\/\/reset.earth\/en\/\" target=\"_blank\" rel=\"noopener\" data-saferedirecturl=\"https:\/\/www.google.com\/url?q=https:\/\/www.reset.earth&amp;source=gmail&amp;ust=1610020244716000&amp;usg=AFQjCNH1AZK0wanQ5L_7jdNtaImKkLdK7g\">www.reset.earth<\/a>\u00a0is a website aimed at promoting the activities of (RE)SET, an agency dedicated to the circular economy.<\/p><p>The present website is accessible at the following web address:\u00a0<a href=\"https:\/\/reset.earth\/en\/\" target=\"_blank\" rel=\"noopener\" data-saferedirecturl=\"https:\/\/www.google.com\/url?q=https:\/\/www.reset.earth&amp;source=gmail&amp;ust=1610020244716000&amp;usg=AFQjCNH1AZK0wanQ5L_7jdNtaImKkLdK7g\">www.reset.earth<\/a><\/p><p>In accordance with Article 6 of the Law of June 21, 2004 on confidence in the digital economy, we inform you that this website is published by\u00a0 <strong><span style=\"color: #000000;\">(RE)SET<\/span><\/strong><\/p><p>Publication Director: G\u00e9raldine Poivert, President and Co-founder of (RE)SET<\/p><p>The general terms and conditions establish the rules for using the website\u00a0<a href=\"https:\/\/reset.earth\/en\/\" target=\"_blank\" rel=\"noopener\" data-saferedirecturl=\"https:\/\/www.google.com\/url?q=https:\/\/www.reset.earth&amp;source=gmail&amp;ust=1610020244716000&amp;usg=AFQjCNH1AZK0wanQ5L_7jdNtaImKkLdK7g\">www.reset.earth<\/a><\/p><p>By browsing this site, the user acknowledges having fully read and understood the terms of use.<\/p><p>\u00a0<\/p><p><strong><span style=\"color: #000a1e;\">HOSTING<br \/><\/span><\/strong><a href=\"https:\/\/reset.earth\/en\/\" target=\"_blank\" rel=\"noopener\" data-saferedirecturl=\"https:\/\/www.google.com\/url?q=https:\/\/www.reset.earth\/&amp;source=gmail&amp;ust=1610020244716000&amp;usg=AFQjCNEzzuTx1W3hu3KS4ZvTpauUTYRLZg\">www.reset.earth<\/a><span style=\"color: #000a1e;\">\u00a0is hosted by\u00a0<\/span><\/p><p>\u00a0<\/p><p><strong>WEBSITE DEVELOPMENT<\/strong><\/p><p>(RE)SET<\/p>\t\t\t\t\t\t\t\t<\/div>\n\t\t\t\t<\/div>\n\t\t\t\t\t<\/div>\n\t\t\t\t<\/div>\n\t\t\t\t<\/div>","protected":false},"excerpt":{"rendered":"<p>MENTIONS L\u00c9GALES \u00c9DITION www.reset.earth\u00a0est un site qui a pour objectif de promouvoir l\u2019activit\u00e9 de la soci\u00e9t\u00e9 (RE)SET,\u00a0agence d\u00e9di\u00e9e \u00e0 l&rsquo;\u00e9conomie circulaire. Le pr\u00e9sent site est accessible via l\u2019adresse web :\u00a0www.reset.earth Conform\u00e9ment \u00e0 l\u2019article 6 de la loi du 21 juin 2004 relative \u00e0 la confiance dans l\u2019\u00e9conomie num\u00e9rique, nous vous informons que ce site est [&hellip;]<\/p>\n","protected":false},"author":1,"featured_media":0,"parent":0,"menu_order":0,"comment_status":"closed","ping_status":"closed","template":"","meta":{"content-type":"","footnotes":""},"class_list":["post-1738","page","type-page","status-publish","hentry"],"yoast_head":"<!-- This site is optimized with the Yoast SEO plugin v27.4 - https:\/\/yoast.com\/product\/yoast-seo-wordpress\/ -->\n<title>Mentions l\u00e9gales - (RE)SET - Cabinet de conseil en transition \u00e9conomique et environnementale<\/title>\n<meta name=\"description\" content=\"(RE)SET pr\u00e9sente les mentions l\u00e9gales de www.reset.earth. Informations sur l&#039;\u00e9dition, le directeur de publication et les conditions g\u00e9n\u00e9rales. H\u00e9bergement et r\u00e9alisation par (RE)SET.\" \/>\n<meta name=\"robots\" content=\"index, follow, max-snippet:-1, max-image-preview:large, max-video-preview:-1\" \/>\n<link rel=\"canonical\" href=\"https:\/\/reset.earth\/en\/mentions-legales\/\" \/>\n<meta property=\"og:locale\" content=\"en_US\" \/>\n<meta property=\"og:type\" content=\"article\" \/>\n<meta property=\"og:title\" content=\"Mentions l\u00e9gales - (RE)SET - Cabinet de conseil en transition \u00e9conomique et environnementale\" \/>\n<meta property=\"og:description\" content=\"(RE)SET pr\u00e9sente les mentions l\u00e9gales de www.reset.earth. Informations sur l&#039;\u00e9dition, le directeur de publication et les conditions g\u00e9n\u00e9rales. H\u00e9bergement et r\u00e9alisation par (RE)SET.\" \/>\n<meta property=\"og:url\" content=\"https:\/\/reset.earth\/en\/mentions-legales\/\" \/>\n<meta property=\"og:site_name\" content=\"(RE)SET - Cabinet de conseil en transition \u00e9conomique et environnementale\" \/>\n<meta property=\"article:modified_time\" content=\"2025-12-29T16:15:44+00:00\" \/>\n<meta name=\"twitter:card\" content=\"summary_large_image\" \/>\n<meta name=\"twitter:label1\" content=\"Est. reading time\" \/>\n\t<meta name=\"twitter:data1\" content=\"1 minute\" \/>\n<script type=\"application\/ld+json\" class=\"yoast-schema-graph\">{\"@context\":\"https:\\\/\\\/schema.org\",\"@graph\":[{\"@type\":\"WebPage\",\"@id\":\"https:\\\/\\\/reset.earth\\\/mentions-legales\\\/\",\"url\":\"https:\\\/\\\/reset.earth\\\/mentions-legales\\\/\",\"name\":\"Mentions l\u00e9gales - (RE)SET - Cabinet de conseil en transition \u00e9conomique et environnementale\",\"isPartOf\":{\"@id\":\"https:\\\/\\\/reset.earth\\\/#website\"},\"datePublished\":\"2023-12-20T14:21:40+00:00\",\"dateModified\":\"2025-12-29T16:15:44+00:00\",\"description\":\"(RE)SET pr\u00e9sente les mentions l\u00e9gales de www.reset.earth. Informations sur l'\u00e9dition, le directeur de publication et les conditions g\u00e9n\u00e9rales. H\u00e9bergement et r\u00e9alisation par (RE)SET.\",\"breadcrumb\":{\"@id\":\"https:\\\/\\\/reset.earth\\\/mentions-legales\\\/#breadcrumb\"},\"inLanguage\":\"en-US\",\"potentialAction\":[{\"@type\":\"ReadAction\",\"target\":[\"https:\\\/\\\/reset.earth\\\/mentions-legales\\\/\"]}]},{\"@type\":\"BreadcrumbList\",\"@id\":\"https:\\\/\\\/reset.earth\\\/mentions-legales\\\/#breadcrumb\",\"itemListElement\":[{\"@type\":\"ListItem\",\"position\":1,\"name\":\"Home\",\"item\":\"https:\\\/\\\/reset.earth\\\/\"},{\"@type\":\"ListItem\",\"position\":2,\"name\":\"Mentions l\u00e9gales\"}]},{\"@type\":\"WebSite\",\"@id\":\"https:\\\/\\\/reset.earth\\\/#website\",\"url\":\"https:\\\/\\\/reset.earth\\\/\",\"name\":\"(RE)SET - 1er cabinet de conseil en transition \u00e9conomique et environnementale\",\"description\":\"Resources to win environmental and economic battles\",\"publisher\":{\"@id\":\"https:\\\/\\\/reset.earth\\\/#organization\"},\"potentialAction\":[{\"@type\":\"SearchAction\",\"target\":{\"@type\":\"EntryPoint\",\"urlTemplate\":\"https:\\\/\\\/reset.earth\\\/?s={search_term_string}\"},\"query-input\":{\"@type\":\"PropertyValueSpecification\",\"valueRequired\":true,\"valueName\":\"search_term_string\"}}],\"inLanguage\":\"en-US\"},{\"@type\":\"Organization\",\"@id\":\"https:\\\/\\\/reset.earth\\\/#organization\",\"name\":\"(RE)SET - 1er cabinet de conseil en transition \u00e9conomique et environnementale\",\"url\":\"https:\\\/\\\/reset.earth\\\/\",\"logo\":{\"@type\":\"ImageObject\",\"inLanguage\":\"en-US\",\"@id\":\"https:\\\/\\\/reset.earth\\\/#\\\/schema\\\/logo\\\/image\\\/\",\"url\":\"https:\\\/\\\/reset.earth\\\/wp-content\\\/uploads\\\/2023\\\/10\\\/DARK-BLUE-RESET.png\",\"contentUrl\":\"https:\\\/\\\/reset.earth\\\/wp-content\\\/uploads\\\/2023\\\/10\\\/DARK-BLUE-RESET.png\",\"width\":1856,\"height\":538,\"caption\":\"(RE)SET - 1er cabinet de conseil en transition \u00e9conomique et environnementale\"},\"image\":{\"@id\":\"https:\\\/\\\/reset.earth\\\/#\\\/schema\\\/logo\\\/image\\\/\"}}]}<\/script>\n<!-- \/ Yoast SEO plugin. -->","yoast_head_json":{"title":"Mentions l\u00e9gales - (RE)SET - Cabinet de conseil en transition \u00e9conomique et environnementale","description":"(RE)SET pr\u00e9sente les mentions l\u00e9gales de www.reset.earth. Informations sur l'\u00e9dition, le directeur de publication et les conditions g\u00e9n\u00e9rales. H\u00e9bergement et r\u00e9alisation par (RE)SET.","robots":{"index":"index","follow":"follow","max-snippet":"max-snippet:-1","max-image-preview":"max-image-preview:large","max-video-preview":"max-video-preview:-1"},"canonical":"https:\/\/reset.earth\/en\/mentions-legales\/","og_locale":"en_US","og_type":"article","og_title":"Mentions l\u00e9gales - (RE)SET - Cabinet de conseil en transition \u00e9conomique et environnementale","og_description":"(RE)SET pr\u00e9sente les mentions l\u00e9gales de www.reset.earth. Informations sur l'\u00e9dition, le directeur de publication et les conditions g\u00e9n\u00e9rales. H\u00e9bergement et r\u00e9alisation par (RE)SET.","og_url":"https:\/\/reset.earth\/en\/mentions-legales\/","og_site_name":"(RE)SET - Cabinet de conseil en transition \u00e9conomique et environnementale","article_modified_time":"2025-12-29T16:15:44+00:00","twitter_card":"summary_large_image","twitter_misc":{"Est. reading time":"1 minute"},"schema":{"@context":"https:\/\/schema.org","@graph":[{"@type":"WebPage","@id":"https:\/\/reset.earth\/mentions-legales\/","url":"https:\/\/reset.earth\/mentions-legales\/","name":"Mentions l\u00e9gales - (RE)SET - Cabinet de conseil en transition \u00e9conomique et environnementale","isPartOf":{"@id":"https:\/\/reset.earth\/#website"},"datePublished":"2023-12-20T14:21:40+00:00","dateModified":"2025-12-29T16:15:44+00:00","description":"(RE)SET pr\u00e9sente les mentions l\u00e9gales de www.reset.earth. Informations sur l'\u00e9dition, le directeur de publication et les conditions g\u00e9n\u00e9rales. H\u00e9bergement et r\u00e9alisation par (RE)SET.","breadcrumb":{"@id":"https:\/\/reset.earth\/mentions-legales\/#breadcrumb"},"inLanguage":"en-US","potentialAction":[{"@type":"ReadAction","target":["https:\/\/reset.earth\/mentions-legales\/"]}]},{"@type":"BreadcrumbList","@id":"https:\/\/reset.earth\/mentions-legales\/#breadcrumb","itemListElement":[{"@type":"ListItem","position":1,"name":"Home","item":"https:\/\/reset.earth\/"},{"@type":"ListItem","position":2,"name":"Mentions l\u00e9gales"}]},{"@type":"WebSite","@id":"https:\/\/reset.earth\/#website","url":"https:\/\/reset.earth\/","name":"(RE)SET - 1er cabinet de conseil en transition \u00e9conomique et environnementale","description":"Resources to win environmental and economic battles","publisher":{"@id":"https:\/\/reset.earth\/#organization"},"potentialAction":[{"@type":"SearchAction","target":{"@type":"EntryPoint","urlTemplate":"https:\/\/reset.earth\/?s={search_term_string}"},"query-input":{"@type":"PropertyValueSpecification","valueRequired":true,"valueName":"search_term_string"}}],"inLanguage":"en-US"},{"@type":"Organization","@id":"https:\/\/reset.earth\/#organization","name":"(RE)SET - 1er cabinet de conseil en transition \u00e9conomique et environnementale","url":"https:\/\/reset.earth\/","logo":{"@type":"ImageObject","inLanguage":"en-US","@id":"https:\/\/reset.earth\/#\/schema\/logo\/image\/","url":"https:\/\/reset.earth\/wp-content\/uploads\/2023\/10\/DARK-BLUE-RESET.png","contentUrl":"https:\/\/reset.earth\/wp-content\/uploads\/2023\/10\/DARK-BLUE-RESET.png","width":1856,"height":538,"caption":"(RE)SET - 1er cabinet de conseil en transition \u00e9conomique et environnementale"},"image":{"@id":"https:\/\/reset.earth\/#\/schema\/logo\/image\/"}}]}},"_links":{"self":[{"href":"https:\/\/reset.earth\/en\/wp-json\/wp\/v2\/pages\/1738","targetHints":{"allow":["GET"]}}],"collection":[{"href":"https:\/\/reset.earth\/en\/wp-json\/wp\/v2\/pages"}],"about":[{"href":"https:\/\/reset.earth\/en\/wp-json\/wp\/v2\/types\/page"}],"author":[{"embeddable":true,"href":"https:\/\/reset.earth\/en\/wp-json\/wp\/v2\/users\/1"}],"replies":[{"embeddable":true,"href":"https:\/\/reset.earth\/en\/wp-json\/wp\/v2\/comments?post=1738"}],"version-history":[{"count":7,"href":"https:\/\/reset.earth\/en\/wp-json\/wp\/v2\/pages\/1738\/revisions"}],"predecessor-version":[{"id":8378,"href":"https:\/\/reset.earth\/en\/wp-json\/wp\/v2\/pages\/1738\/revisions\/8378"}],"wp:attachment":[{"href":"https:\/\/reset.earth\/en\/wp-json\/wp\/v2\/media?parent=1738"}],"curies":[{"name":"wp","href":"https:\/\/api.w.org\/{rel}","templated":true}]}}