{"id":6406,"date":"2025-04-03T08:38:15","date_gmt":"2025-04-03T07:38:15","guid":{"rendered":"https:\/\/reset.earth\/?page_id=6406"},"modified":"2025-10-31T10:46:36","modified_gmt":"2025-10-31T09:46:36","slug":"nos-offres","status":"publish","type":"page","link":"https:\/\/reset.earth\/en\/nos-offres\/","title":{"rendered":"Our offers"},"content":{"rendered":"<div data-elementor-type=\"wp-page\" data-elementor-id=\"6406\" class=\"elementor elementor-6406\" data-elementor-post-type=\"page\">\n\t\t\t\t<div class=\"elementor-element elementor-element-15c07c5 e-flex e-con-boxed e-con e-parent\" data-id=\"15c07c5\" data-element_type=\"container\" data-e-type=\"container\" id=\"missions-widget\" data-settings=\"{&quot;background_background&quot;:&quot;classic&quot;}\">\n\t\t\t\t\t<div class=\"e-con-inner\">\n\t\t\t\t<div class=\"elementor-element elementor-element-3ffce8d elementor-widget elementor-widget-heading\" data-id=\"3ffce8d\" data-element_type=\"widget\" data-e-type=\"widget\" data-widget_type=\"heading.default\">\n\t\t\t\t<div class=\"elementor-widget-container\">\n\t\t\t\t\t<h1 class=\"elementor-heading-title elementor-size-default\">OUR OFFERS<\/h1>\t\t\t\t<\/div>\n\t\t\t\t<\/div>\n\t\t\t\t<div class=\"elementor-element elementor-element-3027c16 elementor-widget__width-initial elementor-widget elementor-widget-text-editor\" data-id=\"3027c16\" data-element_type=\"widget\" data-e-type=\"widget\" data-widget_type=\"text-editor.default\">\n\t\t\t\t<div class=\"elementor-widget-container\">\n\t\t\t\t\t\t\t\t\t<p class=\"ds-markdown-paragraph\">We offer a range of complementary services to support your ecological and social transition, built around three key levers: collective action within\u00a0<strong>coalitions<\/strong>\u00a0that amplify impact, customized expertise through our\u00a0<strong>consulting missions<\/strong>\u00a0and skills development via our\u00a0<strong>training programs<\/strong>.<\/p><p class=\"ds-markdown-paragraph\">Our goal is simple: to provide you with the tools to reconcile ecology and economy. We aim to combine operational performance with compliance with future regulations.\u00a0<\/p><p class=\"ds-markdown-paragraph\"><em>\u00ab\u00a0Collaboration is the new competition\u00a0\u00bb.<\/em><\/p>\t\t\t\t\t\t\t\t<\/div>\n\t\t\t\t<\/div>\n\t\t\t\t\t<\/div>\n\t\t\t\t<\/div>\n\t\t<div class=\"elementor-element elementor-element-5c22f99 e-flex e-con-boxed e-con e-parent\" data-id=\"5c22f99\" data-element_type=\"container\" data-e-type=\"container\" data-settings=\"{&quot;background_background&quot;:&quot;classic&quot;}\">\n\t\t\t\t\t<div class=\"e-con-inner\">\n\t\t\t\t<div class=\"elementor-element elementor-element-f523e7b elementor-widget elementor-widget-heading\" data-id=\"f523e7b\" data-element_type=\"widget\" data-e-type=\"widget\" data-widget_type=\"heading.default\">\n\t\t\t\t<div class=\"elementor-widget-container\">\n\t\t\t\t\t<h2 class=\"elementor-heading-title elementor-size-default\">Whether you are a private or public entity, working collectively or individually. Discover our offerings.<\/h2>\t\t\t\t<\/div>\n\t\t\t\t<\/div>\n\t\t\t\t<div class=\"elementor-element elementor-element-c153210 elementor-widget-divider--view-line elementor-widget elementor-widget-divider\" data-id=\"c153210\" data-element_type=\"widget\" data-e-type=\"widget\" data-widget_type=\"divider.default\">\n\t\t\t\t<div class=\"elementor-widget-container\">\n\t\t\t\t\t\t\t<div class=\"elementor-divider\">\n\t\t\t<span class=\"elementor-divider-separator\">\n\t\t\t\t\t\t<\/span>\n\t\t<\/div>\n\t\t\t\t\t\t<\/div>\n\t\t\t\t<\/div>\n\t\t\t\t\t<\/div>\n\t\t\t\t<\/div>\n\t\t<div class=\"elementor-element elementor-element-c125398 e-grid e-con-boxed e-con e-parent\" data-id=\"c125398\" data-element_type=\"container\" data-e-type=\"container\" data-settings=\"{&quot;background_background&quot;:&quot;classic&quot;}\">\n\t\t\t\t\t<div class=\"e-con-inner\">\n\t\t<div class=\"elementor-element elementor-element-e227e82 e-flex e-con-boxed e-con e-child\" data-id=\"e227e82\" data-element_type=\"container\" data-e-type=\"container\" data-settings=\"{&quot;background_background&quot;:&quot;classic&quot;}\">\n\t\t\t\t\t<div class=\"e-con-inner\">\n\t\t\t\t<div class=\"elementor-element elementor-element-893dbd8 elementor-widget elementor-widget-image\" data-id=\"893dbd8\" data-element_type=\"widget\" data-e-type=\"widget\" data-widget_type=\"image.default\">\n\t\t\t\t<div class=\"elementor-widget-container\">\n\t\t\t\t\t\t\t\t\t\t\t\t\t\t\t\t<a href=\"https:\/\/reset.earth\/en\/csrd\/\">\n\t\t\t\t\t\t\t<img decoding=\"async\" src=\"https:\/\/reset.earth\/wp-content\/uploads\/elementor\/thumbs\/BANDEAUX-BLOG-SITE-WEB-8-scaled-1-rc7xrtuk31y6a1769e94a5dyzfehv496i9h862ed4w.webp\" title=\"OUR COALITIONS\" alt=\"Nos Coalitions\" loading=\"lazy\" \/>\t\t\t\t\t\t\t\t<\/a>\n\t\t\t\t\t\t\t\t\t\t\t\t\t\t\t<\/div>\n\t\t\t\t<\/div>\n\t\t\t\t<div class=\"elementor-element elementor-element-6a8e679 elementor-widget__width-initial elementor-widget elementor-widget-heading\" data-id=\"6a8e679\" data-element_type=\"widget\" data-e-type=\"widget\" data-widget_type=\"heading.default\">\n\t\t\t\t<div class=\"elementor-widget-container\">\n\t\t\t\t\t<h3 class=\"elementor-heading-title elementor-size-default\">OUR COALITIONS<\/h3>\t\t\t\t<\/div>\n\t\t\t\t<\/div>\n\t\t\t\t<div class=\"elementor-element elementor-element-cbbf908 elementor-widget__width-initial elementor-widget elementor-widget-text-editor\" data-id=\"cbbf908\" data-element_type=\"widget\" data-e-type=\"widget\" data-widget_type=\"text-editor.default\">\n\t\t\t\t<div class=\"elementor-widget-container\">\n\t\t\t\t\t\t\t\t\t<p>Unite your ecosystems to anticipate regulations and create new market standards.<\/p>\t\t\t\t\t\t\t\t<\/div>\n\t\t\t\t<\/div>\n\t\t\t\t<div class=\"elementor-element elementor-element-7843dd4 elementor-align-center elementor-widget__width-initial elementor-widget elementor-widget-button\" data-id=\"7843dd4\" data-element_type=\"widget\" data-e-type=\"widget\" data-widget_type=\"button.default\">\n\t\t\t\t<div class=\"elementor-widget-container\">\n\t\t\t\t\t\t\t\t\t<div class=\"elementor-button-wrapper\">\n\t\t\t\t\t<a class=\"elementor-button elementor-button-link elementor-size-sm\" href=\"https:\/\/reset.earth\/en\/coalitions-entreprises\/\">\n\t\t\t\t\t\t<span class=\"elementor-button-content-wrapper\">\n\t\t\t\t\t\t\t\t\t<span class=\"elementor-button-text\">Learn more<\/span>\n\t\t\t\t\t<\/span>\n\t\t\t\t\t<\/a>\n\t\t\t\t<\/div>\n\t\t\t\t\t\t\t\t<\/div>\n\t\t\t\t<\/div>\n\t\t\t\t\t<\/div>\n\t\t\t\t<\/div>\n\t\t<div class=\"elementor-element elementor-element-19dbdfe e-flex e-con-boxed e-con e-child\" data-id=\"19dbdfe\" data-element_type=\"container\" data-e-type=\"container\" data-settings=\"{&quot;background_background&quot;:&quot;classic&quot;}\">\n\t\t\t\t\t<div class=\"e-con-inner\">\n\t\t\t\t<div class=\"elementor-element elementor-element-8106b8e elementor-widget elementor-widget-image\" data-id=\"8106b8e\" data-element_type=\"widget\" data-e-type=\"widget\" data-widget_type=\"image.default\">\n\t\t\t\t<div class=\"elementor-widget-container\">\n\t\t\t\t\t\t\t\t\t\t\t\t\t\t\t<img decoding=\"async\" src=\"https:\/\/reset.earth\/wp-content\/uploads\/elementor\/thumbs\/wilhelm-gunkel-PI40qW0MhgA-unsplash-scaled-1-rc7zkmtz9unuq72duep56so1drzijviyr0odaub85c.jpg\" title=\"NOS MISSIONS CONSEILS\" alt=\"Nos missions conseils\" loading=\"lazy\" \/>\t\t\t\t\t\t\t\t\t\t\t\t\t\t\t<\/div>\n\t\t\t\t<\/div>\n\t\t\t\t<div class=\"elementor-element elementor-element-f65ce2d elementor-widget__width-initial elementor-widget elementor-widget-heading\" data-id=\"f65ce2d\" data-element_type=\"widget\" data-e-type=\"widget\" data-widget_type=\"heading.default\">\n\t\t\t\t<div class=\"elementor-widget-container\">\n\t\t\t\t\t<h3 class=\"elementor-heading-title elementor-size-default\">OUR CONSULTING SERVICES<\/h3>\t\t\t\t<\/div>\n\t\t\t\t<\/div>\n\t\t\t\t<div class=\"elementor-element elementor-element-b5407f3 elementor-widget__width-initial elementor-widget elementor-widget-text-editor\" data-id=\"b5407f3\" data-element_type=\"widget\" data-e-type=\"widget\" data-widget_type=\"text-editor.default\">\n\t\t\t\t<div class=\"elementor-widget-container\">\n\t\t\t\t\t\t\t\t\t<p>Move from strategy to action to tangibly reduce your environmental footprint and create value.<\/p>\t\t\t\t\t\t\t\t<\/div>\n\t\t\t\t<\/div>\n\t\t\t\t<div class=\"elementor-element elementor-element-8112976 elementor-align-center elementor-widget__width-initial elementor-widget elementor-widget-button\" data-id=\"8112976\" data-element_type=\"widget\" data-e-type=\"widget\" data-widget_type=\"button.default\">\n\t\t\t\t<div class=\"elementor-widget-container\">\n\t\t\t\t\t\t\t\t\t<div class=\"elementor-button-wrapper\">\n\t\t\t\t\t<a class=\"elementor-button elementor-button-link elementor-size-sm\" href=\"https:\/\/reset.earth\/en\/missions-conseil\/\">\n\t\t\t\t\t\t<span class=\"elementor-button-content-wrapper\">\n\t\t\t\t\t\t\t\t\t<span class=\"elementor-button-text\">Learn more<\/span>\n\t\t\t\t\t<\/span>\n\t\t\t\t\t<\/a>\n\t\t\t\t<\/div>\n\t\t\t\t\t\t\t\t<\/div>\n\t\t\t\t<\/div>\n\t\t\t\t\t<\/div>\n\t\t\t\t<\/div>\n\t\t<div class=\"elementor-element elementor-element-22adb49 e-flex e-con-boxed e-con e-child\" data-id=\"22adb49\" data-element_type=\"container\" data-e-type=\"container\" data-settings=\"{&quot;background_background&quot;:&quot;classic&quot;}\">\n\t\t\t\t\t<div class=\"e-con-inner\">\n\t\t\t\t<div class=\"elementor-element elementor-element-5e338f1 elementor-widget elementor-widget-image\" data-id=\"5e338f1\" data-element_type=\"widget\" data-e-type=\"widget\" data-widget_type=\"image.default\">\n\t\t\t\t<div class=\"elementor-widget-container\">\n\t\t\t\t\t\t\t\t\t\t\t\t\t\t\t\t<a href=\"https:\/\/reset.earth\/en\/eco-conception\/\">\n\t\t\t\t\t\t\t<img decoding=\"async\" src=\"https:\/\/reset.earth\/wp-content\/uploads\/elementor\/thumbs\/campaign-creators-gMsnXqILjp4-unsplash-scaled-1-rc7zlishq7vloxrynsigjklpkvlztl1u7euvm8zu9s.jpg\" title=\"OUR TRAINING COURSES\" alt=\"Nos formations\" loading=\"lazy\" \/>\t\t\t\t\t\t\t\t<\/a>\n\t\t\t\t\t\t\t\t\t\t\t\t\t\t\t<\/div>\n\t\t\t\t<\/div>\n\t\t\t\t<div class=\"elementor-element elementor-element-b228d59 elementor-widget__width-initial elementor-widget elementor-widget-heading\" data-id=\"b228d59\" data-element_type=\"widget\" data-e-type=\"widget\" data-widget_type=\"heading.default\">\n\t\t\t\t<div class=\"elementor-widget-container\">\n\t\t\t\t\t<h3 class=\"elementor-heading-title elementor-size-default\">OUR TRAINING COURSES<\/h3>\t\t\t\t<\/div>\n\t\t\t\t<\/div>\n\t\t\t\t<div class=\"elementor-element elementor-element-d9c0026 elementor-widget__width-initial elementor-widget elementor-widget-text-editor\" data-id=\"d9c0026\" data-element_type=\"widget\" data-e-type=\"widget\" data-widget_type=\"text-editor.default\">\n\t\t\t\t<div class=\"elementor-widget-container\">\n\t\t\t\t\t\t\t\t\t<p>Translate CSR challenges into business actions so that every employee becomes an actor in your transition.<\/p>\t\t\t\t\t\t\t\t<\/div>\n\t\t\t\t<\/div>\n\t\t\t\t<div class=\"elementor-element elementor-element-8fd7d1c elementor-align-center elementor-widget__width-initial elementor-widget elementor-widget-button\" data-id=\"8fd7d1c\" data-element_type=\"widget\" data-e-type=\"widget\" data-widget_type=\"button.default\">\n\t\t\t\t<div class=\"elementor-widget-container\">\n\t\t\t\t\t\t\t\t\t<div class=\"elementor-button-wrapper\">\n\t\t\t\t\t<a class=\"elementor-button elementor-button-link elementor-size-sm\" href=\"https:\/\/reset.earth\/en\/formation-transition\/\">\n\t\t\t\t\t\t<span class=\"elementor-button-content-wrapper\">\n\t\t\t\t\t\t\t\t\t<span class=\"elementor-button-text\">Learn more<\/span>\n\t\t\t\t\t<\/span>\n\t\t\t\t\t<\/a>\n\t\t\t\t<\/div>\n\t\t\t\t\t\t\t\t<\/div>\n\t\t\t\t<\/div>\n\t\t\t\t\t<\/div>\n\t\t\t\t<\/div>\n\t\t\t\t\t<\/div>\n\t\t\t\t<\/div>\n\t\t\t\t<\/div>","protected":false},"excerpt":{"rendered":"<p>NOS OFFRES Nous proposons une gamme d&rsquo;offres compl\u00e9mentaires pour accompagner votre transition \u00e9cologique et solidaire, autour de trois leviers : l&rsquo;action collective au sein de\u00a0coalitions\u00a0qui d\u00e9multiplient l&rsquo;impact, l&rsquo;expertise sur-mesure de nos\u00a0missions conseil\u00a0et le d\u00e9veloppement des comp\u00e9tences via nos\u00a0formations. Notre objectif est simple : vous donner les leviers pour r\u00e9concilier l&rsquo;\u00e9cologie et l&rsquo;\u00e9conomie. Nous voulons allier [&hellip;]<\/p>\n","protected":false},"author":1,"featured_media":166,"parent":0,"menu_order":0,"comment_status":"closed","ping_status":"closed","template":"","meta":{"content-type":"","footnotes":""},"class_list":["post-6406","page","type-page","status-publish","has-post-thumbnail","hentry"],"yoast_head":"<!-- This site is optimized with the Yoast SEO plugin v27.4 - https:\/\/yoast.com\/product\/yoast-seo-wordpress\/ -->\n<title>Nos offres - (RE)SET - Cabinet de conseil en transition \u00e9conomique et environnementale<\/title>\n<meta name=\"description\" content=\"D\u00e9couvrez nos services - (RE)SET, votre partenaire pour des transformations durables : strat\u00e9gies de transition environnementale, \u00e9co-conceptionet r\u00e9emploi des emballages et des produits, bilan carbone et biodiversit\u00e9, CSRD, plans d&#039;action durables, \u00e9conomie circulaire, coalitions d&#039;entreprises, et plus encore.\" \/>\n<meta name=\"robots\" content=\"index, follow, max-snippet:-1, max-image-preview:large, max-video-preview:-1\" \/>\n<link rel=\"canonical\" href=\"https:\/\/reset.earth\/en\/nos-offres\/\" \/>\n<meta property=\"og:locale\" content=\"en_US\" \/>\n<meta property=\"og:type\" content=\"article\" \/>\n<meta property=\"og:title\" content=\"Nos offres - (RE)SET - Cabinet de conseil en transition \u00e9conomique et environnementale\" \/>\n<meta property=\"og:description\" content=\"D\u00e9couvrez nos services - (RE)SET, votre partenaire pour des transformations durables : strat\u00e9gies de transition environnementale, \u00e9co-conceptionet r\u00e9emploi des emballages et des produits, bilan carbone et biodiversit\u00e9, CSRD, plans d&#039;action durables, \u00e9conomie circulaire, coalitions d&#039;entreprises, et plus encore.\" \/>\n<meta property=\"og:url\" content=\"https:\/\/reset.earth\/en\/nos-offres\/\" \/>\n<meta property=\"og:site_name\" content=\"(RE)SET - Cabinet de conseil en transition \u00e9conomique et environnementale\" \/>\n<meta property=\"article:modified_time\" content=\"2025-10-31T09:46:36+00:00\" \/>\n<meta property=\"og:image\" content=\"https:\/\/reset.earth\/wp-content\/uploads\/2023\/11\/wilhelm-gunkel-PI40qW0MhgA-unsplash-scaled.jpg\" \/>\n\t<meta property=\"og:image:width\" content=\"2560\" \/>\n\t<meta property=\"og:image:height\" content=\"1679\" \/>\n\t<meta property=\"og:image:type\" content=\"image\/jpeg\" \/>\n<meta name=\"twitter:card\" content=\"summary_large_image\" \/>\n<meta name=\"twitter:label1\" content=\"Est. reading time\" \/>\n\t<meta name=\"twitter:data1\" content=\"2 minutes\" \/>\n<script type=\"application\/ld+json\" class=\"yoast-schema-graph\">{\"@context\":\"https:\\\/\\\/schema.org\",\"@graph\":[{\"@type\":\"WebPage\",\"@id\":\"https:\\\/\\\/reset.earth\\\/nos-offres\\\/\",\"url\":\"https:\\\/\\\/reset.earth\\\/nos-offres\\\/\",\"name\":\"Nos offres - (RE)SET - Cabinet de conseil en transition \u00e9conomique et environnementale\",\"isPartOf\":{\"@id\":\"https:\\\/\\\/reset.earth\\\/#website\"},\"primaryImageOfPage\":{\"@id\":\"https:\\\/\\\/reset.earth\\\/nos-offres\\\/#primaryimage\"},\"image\":{\"@id\":\"https:\\\/\\\/reset.earth\\\/nos-offres\\\/#primaryimage\"},\"thumbnailUrl\":\"https:\\\/\\\/reset.earth\\\/wp-content\\\/uploads\\\/2023\\\/11\\\/wilhelm-gunkel-PI40qW0MhgA-unsplash-scaled.jpg\",\"datePublished\":\"2025-04-03T07:38:15+00:00\",\"dateModified\":\"2025-10-31T09:46:36+00:00\",\"description\":\"D\u00e9couvrez nos services - (RE)SET, votre partenaire pour des transformations durables : strat\u00e9gies de transition environnementale, \u00e9co-conceptionet r\u00e9emploi des emballages et des produits, bilan carbone et biodiversit\u00e9, CSRD, plans d'action durables, \u00e9conomie circulaire, coalitions d'entreprises, et plus encore.\",\"breadcrumb\":{\"@id\":\"https:\\\/\\\/reset.earth\\\/nos-offres\\\/#breadcrumb\"},\"inLanguage\":\"en-US\",\"potentialAction\":[{\"@type\":\"ReadAction\",\"target\":[\"https:\\\/\\\/reset.earth\\\/nos-offres\\\/\"]}]},{\"@type\":\"ImageObject\",\"inLanguage\":\"en-US\",\"@id\":\"https:\\\/\\\/reset.earth\\\/nos-offres\\\/#primaryimage\",\"url\":\"https:\\\/\\\/reset.earth\\\/wp-content\\\/uploads\\\/2023\\\/11\\\/wilhelm-gunkel-PI40qW0MhgA-unsplash-scaled.jpg\",\"contentUrl\":\"https:\\\/\\\/reset.earth\\\/wp-content\\\/uploads\\\/2023\\\/11\\\/wilhelm-gunkel-PI40qW0MhgA-unsplash-scaled.jpg\",\"width\":2560,\"height\":1679,\"caption\":\"Nos Offres\"},{\"@type\":\"BreadcrumbList\",\"@id\":\"https:\\\/\\\/reset.earth\\\/nos-offres\\\/#breadcrumb\",\"itemListElement\":[{\"@type\":\"ListItem\",\"position\":1,\"name\":\"Home\",\"item\":\"https:\\\/\\\/reset.earth\\\/\"},{\"@type\":\"ListItem\",\"position\":2,\"name\":\"Nos offres\"}]},{\"@type\":\"WebSite\",\"@id\":\"https:\\\/\\\/reset.earth\\\/#website\",\"url\":\"https:\\\/\\\/reset.earth\\\/\",\"name\":\"(RE)SET - 1er cabinet de conseil en transition \u00e9conomique et environnementale\",\"description\":\"Resources to win environmental and economic battles\",\"publisher\":{\"@id\":\"https:\\\/\\\/reset.earth\\\/#organization\"},\"potentialAction\":[{\"@type\":\"SearchAction\",\"target\":{\"@type\":\"EntryPoint\",\"urlTemplate\":\"https:\\\/\\\/reset.earth\\\/?s={search_term_string}\"},\"query-input\":{\"@type\":\"PropertyValueSpecification\",\"valueRequired\":true,\"valueName\":\"search_term_string\"}}],\"inLanguage\":\"en-US\"},{\"@type\":\"Organization\",\"@id\":\"https:\\\/\\\/reset.earth\\\/#organization\",\"name\":\"(RE)SET - 1er cabinet de conseil en transition \u00e9conomique et environnementale\",\"url\":\"https:\\\/\\\/reset.earth\\\/\",\"logo\":{\"@type\":\"ImageObject\",\"inLanguage\":\"en-US\",\"@id\":\"https:\\\/\\\/reset.earth\\\/#\\\/schema\\\/logo\\\/image\\\/\",\"url\":\"https:\\\/\\\/reset.earth\\\/wp-content\\\/uploads\\\/2023\\\/10\\\/DARK-BLUE-RESET.png\",\"contentUrl\":\"https:\\\/\\\/reset.earth\\\/wp-content\\\/uploads\\\/2023\\\/10\\\/DARK-BLUE-RESET.png\",\"width\":1856,\"height\":538,\"caption\":\"(RE)SET - 1er cabinet de conseil en transition \u00e9conomique et environnementale\"},\"image\":{\"@id\":\"https:\\\/\\\/reset.earth\\\/#\\\/schema\\\/logo\\\/image\\\/\"}}]}<\/script>\n<!-- \/ Yoast SEO plugin. -->","yoast_head_json":{"title":"Nos offres - (RE)SET - Cabinet de conseil en transition \u00e9conomique et environnementale","description":"D\u00e9couvrez nos services - (RE)SET, votre partenaire pour des transformations durables : strat\u00e9gies de transition environnementale, \u00e9co-conceptionet r\u00e9emploi des emballages et des produits, bilan carbone et biodiversit\u00e9, CSRD, plans d'action durables, \u00e9conomie circulaire, coalitions d'entreprises, et plus encore.","robots":{"index":"index","follow":"follow","max-snippet":"max-snippet:-1","max-image-preview":"max-image-preview:large","max-video-preview":"max-video-preview:-1"},"canonical":"https:\/\/reset.earth\/en\/nos-offres\/","og_locale":"en_US","og_type":"article","og_title":"Nos offres - (RE)SET - Cabinet de conseil en transition \u00e9conomique et environnementale","og_description":"D\u00e9couvrez nos services - (RE)SET, votre partenaire pour des transformations durables : strat\u00e9gies de transition environnementale, \u00e9co-conceptionet r\u00e9emploi des emballages et des produits, bilan carbone et biodiversit\u00e9, CSRD, plans d'action durables, \u00e9conomie circulaire, coalitions d'entreprises, et plus encore.","og_url":"https:\/\/reset.earth\/en\/nos-offres\/","og_site_name":"(RE)SET - Cabinet de conseil en transition \u00e9conomique et environnementale","article_modified_time":"2025-10-31T09:46:36+00:00","og_image":[{"width":2560,"height":1679,"url":"https:\/\/reset.earth\/wp-content\/uploads\/2023\/11\/wilhelm-gunkel-PI40qW0MhgA-unsplash-scaled.jpg","type":"image\/jpeg"}],"twitter_card":"summary_large_image","twitter_misc":{"Est. reading time":"2 minutes"},"schema":{"@context":"https:\/\/schema.org","@graph":[{"@type":"WebPage","@id":"https:\/\/reset.earth\/nos-offres\/","url":"https:\/\/reset.earth\/nos-offres\/","name":"Nos offres - (RE)SET - Cabinet de conseil en transition \u00e9conomique et environnementale","isPartOf":{"@id":"https:\/\/reset.earth\/#website"},"primaryImageOfPage":{"@id":"https:\/\/reset.earth\/nos-offres\/#primaryimage"},"image":{"@id":"https:\/\/reset.earth\/nos-offres\/#primaryimage"},"thumbnailUrl":"https:\/\/reset.earth\/wp-content\/uploads\/2023\/11\/wilhelm-gunkel-PI40qW0MhgA-unsplash-scaled.jpg","datePublished":"2025-04-03T07:38:15+00:00","dateModified":"2025-10-31T09:46:36+00:00","description":"D\u00e9couvrez nos services - (RE)SET, votre partenaire pour des transformations durables : strat\u00e9gies de transition environnementale, \u00e9co-conceptionet r\u00e9emploi des emballages et des produits, bilan carbone et biodiversit\u00e9, CSRD, plans d'action durables, \u00e9conomie circulaire, coalitions d'entreprises, et plus encore.","breadcrumb":{"@id":"https:\/\/reset.earth\/nos-offres\/#breadcrumb"},"inLanguage":"en-US","potentialAction":[{"@type":"ReadAction","target":["https:\/\/reset.earth\/nos-offres\/"]}]},{"@type":"ImageObject","inLanguage":"en-US","@id":"https:\/\/reset.earth\/nos-offres\/#primaryimage","url":"https:\/\/reset.earth\/wp-content\/uploads\/2023\/11\/wilhelm-gunkel-PI40qW0MhgA-unsplash-scaled.jpg","contentUrl":"https:\/\/reset.earth\/wp-content\/uploads\/2023\/11\/wilhelm-gunkel-PI40qW0MhgA-unsplash-scaled.jpg","width":2560,"height":1679,"caption":"Nos Offres"},{"@type":"BreadcrumbList","@id":"https:\/\/reset.earth\/nos-offres\/#breadcrumb","itemListElement":[{"@type":"ListItem","position":1,"name":"Home","item":"https:\/\/reset.earth\/"},{"@type":"ListItem","position":2,"name":"Nos offres"}]},{"@type":"WebSite","@id":"https:\/\/reset.earth\/#website","url":"https:\/\/reset.earth\/","name":"(RE)SET - 1er cabinet de conseil en transition \u00e9conomique et environnementale","description":"Resources to win environmental and economic battles","publisher":{"@id":"https:\/\/reset.earth\/#organization"},"potentialAction":[{"@type":"SearchAction","target":{"@type":"EntryPoint","urlTemplate":"https:\/\/reset.earth\/?s={search_term_string}"},"query-input":{"@type":"PropertyValueSpecification","valueRequired":true,"valueName":"search_term_string"}}],"inLanguage":"en-US"},{"@type":"Organization","@id":"https:\/\/reset.earth\/#organization","name":"(RE)SET - 1er cabinet de conseil en transition \u00e9conomique et environnementale","url":"https:\/\/reset.earth\/","logo":{"@type":"ImageObject","inLanguage":"en-US","@id":"https:\/\/reset.earth\/#\/schema\/logo\/image\/","url":"https:\/\/reset.earth\/wp-content\/uploads\/2023\/10\/DARK-BLUE-RESET.png","contentUrl":"https:\/\/reset.earth\/wp-content\/uploads\/2023\/10\/DARK-BLUE-RESET.png","width":1856,"height":538,"caption":"(RE)SET - 1er cabinet de conseil en transition \u00e9conomique et environnementale"},"image":{"@id":"https:\/\/reset.earth\/#\/schema\/logo\/image\/"}}]}},"_links":{"self":[{"href":"https:\/\/reset.earth\/en\/wp-json\/wp\/v2\/pages\/6406","targetHints":{"allow":["GET"]}}],"collection":[{"href":"https:\/\/reset.earth\/en\/wp-json\/wp\/v2\/pages"}],"about":[{"href":"https:\/\/reset.earth\/en\/wp-json\/wp\/v2\/types\/page"}],"author":[{"embeddable":true,"href":"https:\/\/reset.earth\/en\/wp-json\/wp\/v2\/users\/1"}],"replies":[{"embeddable":true,"href":"https:\/\/reset.earth\/en\/wp-json\/wp\/v2\/comments?post=6406"}],"version-history":[{"count":181,"href":"https:\/\/reset.earth\/en\/wp-json\/wp\/v2\/pages\/6406\/revisions"}],"predecessor-version":[{"id":7702,"href":"https:\/\/reset.earth\/en\/wp-json\/wp\/v2\/pages\/6406\/revisions\/7702"}],"wp:featuredmedia":[{"embeddable":true,"href":"https:\/\/reset.earth\/en\/wp-json\/wp\/v2\/media\/166"}],"wp:attachment":[{"href":"https:\/\/reset.earth\/en\/wp-json\/wp\/v2\/media?parent=6406"}],"curies":[{"name":"wp","href":"https:\/\/api.w.org\/{rel}","templated":true}]}}