{"id":658,"date":"2023-11-23T17:18:44","date_gmt":"2023-11-23T17:18:44","guid":{"rendered":"https:\/\/reset.earth\/?page_id=658"},"modified":"2025-10-31T12:16:30","modified_gmt":"2025-10-31T11:16:30","slug":"rejoindre-la-team-reset","status":"publish","type":"page","link":"https:\/\/reset.earth\/en\/rejoindre-la-team-reset\/","title":{"rendered":"Nous rejoindre"},"content":{"rendered":"\t\t<div data-elementor-type=\"wp-page\" data-elementor-id=\"658\" class=\"elementor elementor-658\" data-elementor-post-type=\"page\">\n\t\t\t\t<div class=\"elementor-element elementor-element-54abc01 e-flex e-con-boxed e-con e-parent\" data-id=\"54abc01\" data-element_type=\"container\" data-e-type=\"container\" data-settings=\"{&quot;background_background&quot;:&quot;classic&quot;,&quot;background_motion_fx_motion_fx_scrolling&quot;:&quot;yes&quot;,&quot;background_motion_fx_translateX_effect&quot;:&quot;yes&quot;,&quot;background_motion_fx_translateX_speed&quot;:{&quot;unit&quot;:&quot;px&quot;,&quot;size&quot;:4,&quot;sizes&quot;:[]},&quot;background_motion_fx_translateX_affectedRange&quot;:{&quot;unit&quot;:&quot;%&quot;,&quot;size&quot;:&quot;&quot;,&quot;sizes&quot;:{&quot;start&quot;:0,&quot;end&quot;:100}},&quot;background_motion_fx_devices&quot;:[&quot;widescreen&quot;,&quot;desktop&quot;,&quot;laptop&quot;,&quot;tablet_extra&quot;,&quot;tablet&quot;,&quot;mobile_extra&quot;,&quot;mobile&quot;]}\">\n\t\t\t\t\t<div class=\"e-con-inner\">\n\t\t\t\t<div class=\"elementor-element elementor-element-1686c09 elementor-widget elementor-widget-heading\" data-id=\"1686c09\" data-element_type=\"widget\" data-e-type=\"widget\" data-widget_type=\"heading.default\">\n\t\t\t\t<div class=\"elementor-widget-container\">\n\t\t\t\t\t<h1 class=\"elementor-heading-title elementor-size-default\">NOUS REJOINDRE<\/h1>\t\t\t\t<\/div>\n\t\t\t\t<\/div>\n\t\t\t\t\t<\/div>\n\t\t\t\t<\/div>\n\t\t<div class=\"elementor-element elementor-element-7cf4512 e-flex e-con-boxed e-con e-parent\" data-id=\"7cf4512\" data-element_type=\"container\" data-e-type=\"container\" data-settings=\"{&quot;background_background&quot;:&quot;classic&quot;}\">\n\t\t\t\t\t<div class=\"e-con-inner\">\n\t\t<div class=\"elementor-element elementor-element-8f4077e e-con-full e-flex e-con e-child\" data-id=\"8f4077e\" data-element_type=\"container\" data-e-type=\"container\" data-settings=\"{&quot;background_background&quot;:&quot;classic&quot;}\">\n\t\t<div class=\"elementor-element elementor-element-82f8f85 e-flex e-con-boxed e-con e-child\" data-id=\"82f8f85\" data-element_type=\"container\" data-e-type=\"container\">\n\t\t\t\t\t<div class=\"e-con-inner\">\n\t\t<div class=\"elementor-element elementor-element-4b4582a e-con-full e-flex e-con e-child\" data-id=\"4b4582a\" data-element_type=\"container\" data-e-type=\"container\">\n\t\t\t\t<div class=\"elementor-element elementor-element-f23f874 e-transform elementor-view-default elementor-widget elementor-widget-icon\" data-id=\"f23f874\" data-element_type=\"widget\" data-e-type=\"widget\" data-settings=\"{&quot;_transform_rotateZ_effect&quot;:{&quot;unit&quot;:&quot;px&quot;,&quot;size&quot;:-180,&quot;sizes&quot;:[]},&quot;_transform_rotateZ_effect_widescreen&quot;:{&quot;unit&quot;:&quot;deg&quot;,&quot;size&quot;:&quot;&quot;,&quot;sizes&quot;:[]},&quot;_transform_rotateZ_effect_laptop&quot;:{&quot;unit&quot;:&quot;deg&quot;,&quot;size&quot;:&quot;&quot;,&quot;sizes&quot;:[]},&quot;_transform_rotateZ_effect_tablet_extra&quot;:{&quot;unit&quot;:&quot;deg&quot;,&quot;size&quot;:&quot;&quot;,&quot;sizes&quot;:[]},&quot;_transform_rotateZ_effect_tablet&quot;:{&quot;unit&quot;:&quot;deg&quot;,&quot;size&quot;:&quot;&quot;,&quot;sizes&quot;:[]},&quot;_transform_rotateZ_effect_mobile_extra&quot;:{&quot;unit&quot;:&quot;deg&quot;,&quot;size&quot;:&quot;&quot;,&quot;sizes&quot;:[]},&quot;_transform_rotateZ_effect_mobile&quot;:{&quot;unit&quot;:&quot;deg&quot;,&quot;size&quot;:&quot;&quot;,&quot;sizes&quot;:[]}}\" data-widget_type=\"icon.default\">\n\t\t\t\t<div class=\"elementor-widget-container\">\n\t\t\t\t\t\t\t<div class=\"elementor-icon-wrapper\">\n\t\t\t<div class=\"elementor-icon\">\n\t\t\t<i aria-hidden=\"true\" class=\"icon icon-quote2\"><\/i>\t\t\t<\/div>\n\t\t<\/div>\n\t\t\t\t\t\t<\/div>\n\t\t\t\t<\/div>\n\t\t\t\t<\/div>\n\t\t<div class=\"elementor-element elementor-element-a6817b3 e-con-full e-flex e-con e-child\" data-id=\"a6817b3\" data-element_type=\"container\" data-e-type=\"container\">\n\t\t\t\t<div class=\"elementor-element elementor-element-7814ebc elementor-widget elementor-widget-heading\" data-id=\"7814ebc\" data-element_type=\"widget\" data-e-type=\"widget\" data-widget_type=\"heading.default\">\n\t\t\t\t<div class=\"elementor-widget-container\">\n\t\t\t\t\t<h2 class=\"elementor-heading-title elementor-size-default\">RIEN DE GRAND NE S\u2019EST ACCOMPLI DANS LE MONDE SANS PASSION<\/h2>\t\t\t\t<\/div>\n\t\t\t\t<\/div>\n\t\t\t\t<div class=\"elementor-element elementor-element-63922a8 elementor-widget__width-initial elementor-widget elementor-widget-text-editor\" data-id=\"63922a8\" data-element_type=\"widget\" data-e-type=\"widget\" data-widget_type=\"text-editor.default\">\n\t\t\t\t<div class=\"elementor-widget-container\">\n\t\t\t\t\t\t\t\t\t<p>Georg Wilhelm Friedrich Hegel<\/p>\t\t\t\t\t\t\t\t<\/div>\n\t\t\t\t<\/div>\n\t\t\t\t<\/div>\n\t\t<div class=\"elementor-element elementor-element-2d57218 e-con-full e-flex e-con e-child\" data-id=\"2d57218\" data-element_type=\"container\" data-e-type=\"container\">\n\t\t\t\t<div class=\"elementor-element elementor-element-ba9f39d elementor-view-default elementor-widget elementor-widget-icon\" data-id=\"ba9f39d\" data-element_type=\"widget\" data-e-type=\"widget\" data-widget_type=\"icon.default\">\n\t\t\t\t<div class=\"elementor-widget-container\">\n\t\t\t\t\t\t\t<div class=\"elementor-icon-wrapper\">\n\t\t\t<div class=\"elementor-icon\">\n\t\t\t<i aria-hidden=\"true\" class=\"icon icon-quote2\"><\/i>\t\t\t<\/div>\n\t\t<\/div>\n\t\t\t\t\t\t<\/div>\n\t\t\t\t<\/div>\n\t\t\t\t<\/div>\n\t\t\t\t\t<\/div>\n\t\t\t\t<\/div>\n\t\t\t\t<div class=\"elementor-element elementor-element-c1f020e elementor-widget__width-initial elementor-widget elementor-widget-text-editor\" data-id=\"c1f020e\" data-element_type=\"widget\" data-e-type=\"widget\" data-widget_type=\"text-editor.default\">\n\t\t\t\t<div class=\"elementor-widget-container\">\n\t\t\t\t\t\t\t\t\t<p>On ne r\u00e9alise pas une transition en travaillant en silo. C\u2019est pourquoi notre \u00e9quipe est multidisciplinaire, r\u00e9unissant des talents venant de tous les horizons, qui savent activer les leviers pertinents aux moments opportuns.<\/p><p>Plus de 50 sp\u00e9cialistes unis par une seule passion: aider les entreprises \u00e0 r\u00e9concilier \u00e9conomie et \u00e9cologie en construisant un monde durable!<\/p>\t\t\t\t\t\t\t\t<\/div>\n\t\t\t\t<\/div>\n\t\t\t\t<\/div>\n\t\t\t\t\t<\/div>\n\t\t\t\t<\/div>\n\t\t<div class=\"elementor-element elementor-element-e34b299 e-con-full e-flex e-con e-parent\" data-id=\"e34b299\" data-element_type=\"container\" data-e-type=\"container\">\n\t\t<div class=\"elementor-element elementor-element-f304d12 e-con-full e-flex e-con e-child\" data-id=\"f304d12\" data-element_type=\"container\" data-e-type=\"container\">\n\t\t\t\t<div class=\"elementor-element elementor-element-17195ac elementor-widget elementor-widget-image\" data-id=\"17195ac\" data-element_type=\"widget\" data-e-type=\"widget\" data-widget_type=\"image.default\">\n\t\t\t\t<div class=\"elementor-widget-container\">\n\t\t\t\t\t\t\t\t\t\t\t\t\t\t\t<img decoding=\"async\" width=\"93\" height=\"93\" src=\"https:\/\/reset.earth\/wp-content\/uploads\/2023\/11\/ICON-1.1.png\" class=\"attachment-large size-large wp-image-661\" alt=\"\" \/>\t\t\t\t\t\t\t\t\t\t\t\t\t\t\t<\/div>\n\t\t\t\t<\/div>\n\t\t\t\t<div class=\"elementor-element elementor-element-a5100dc elementor-widget-laptop__width-initial elementor-widget elementor-widget-heading\" data-id=\"a5100dc\" data-element_type=\"widget\" data-e-type=\"widget\" data-widget_type=\"heading.default\">\n\t\t\t\t<div class=\"elementor-widget-container\">\n\t\t\t\t\t<h3 class=\"elementor-heading-title elementor-size-default\">A LA FOIS STRAT\u00c8GES ET OP\u00c9RATIONNELS<\/h3>\t\t\t\t<\/div>\n\t\t\t\t<\/div>\n\t\t\t\t<div class=\"elementor-element elementor-element-63671d8 elementor-widget-laptop__width-initial elementor-widget elementor-widget-text-editor\" data-id=\"63671d8\" data-element_type=\"widget\" data-e-type=\"widget\" data-widget_type=\"text-editor.default\">\n\t\t\t\t<div class=\"elementor-widget-container\">\n\t\t\t\t\t\t\t\t\t<p>vous \u00eates \u00e0 la crois\u00e9e des m\u00e9tiers et expertises qui permettent de remporter des batailles face aux enjeux environnementaux.<\/p>\t\t\t\t\t\t\t\t<\/div>\n\t\t\t\t<\/div>\n\t\t\t\t<\/div>\n\t\t<div class=\"elementor-element elementor-element-49ed8ab e-con-full e-flex e-con e-child\" data-id=\"49ed8ab\" data-element_type=\"container\" data-e-type=\"container\">\n\t\t\t\t<div class=\"elementor-element elementor-element-a5a00d4 elementor-widget elementor-widget-image\" data-id=\"a5a00d4\" data-element_type=\"widget\" data-e-type=\"widget\" data-widget_type=\"image.default\">\n\t\t\t\t<div class=\"elementor-widget-container\">\n\t\t\t\t\t\t\t\t\t\t\t\t\t\t\t<img fetchpriority=\"high\" decoding=\"async\" width=\"293\" height=\"261\" src=\"https:\/\/reset.earth\/wp-content\/uploads\/2023\/11\/ICON-2.1.png\" class=\"attachment-large size-large wp-image-662\" alt=\"\" \/>\t\t\t\t\t\t\t\t\t\t\t\t\t\t\t<\/div>\n\t\t\t\t<\/div>\n\t\t\t\t<div class=\"elementor-element elementor-element-a0ecc3a elementor-widget elementor-widget-heading\" data-id=\"a0ecc3a\" data-element_type=\"widget\" data-e-type=\"widget\" data-widget_type=\"heading.default\">\n\t\t\t\t<div class=\"elementor-widget-container\">\n\t\t\t\t\t<h3 class=\"elementor-heading-title elementor-size-default\">VOUS \u00caTES SUR LES LIGNES DE FRONT<\/h3>\t\t\t\t<\/div>\n\t\t\t\t<\/div>\n\t\t\t\t<div class=\"elementor-element elementor-element-2c1ce7d elementor-widget-laptop__width-initial elementor-widget elementor-widget-text-editor\" data-id=\"2c1ce7d\" data-element_type=\"widget\" data-e-type=\"widget\" data-widget_type=\"text-editor.default\">\n\t\t\t\t<div class=\"elementor-widget-container\">\n\t\t\t\t\t\t\t\t\t<p>des transformations environnementales et \u00e9conomiques du si\u00e8cle.<\/p>\t\t\t\t\t\t\t\t<\/div>\n\t\t\t\t<\/div>\n\t\t\t\t<\/div>\n\t\t<div class=\"elementor-element elementor-element-474957f e-con-full e-flex e-con e-child\" data-id=\"474957f\" data-element_type=\"container\" data-e-type=\"container\">\n\t\t\t\t<div class=\"elementor-element elementor-element-662d40a elementor-widget elementor-widget-image\" data-id=\"662d40a\" data-element_type=\"widget\" data-e-type=\"widget\" data-widget_type=\"image.default\">\n\t\t\t\t<div class=\"elementor-widget-container\">\n\t\t\t\t\t\t\t\t\t\t\t\t\t\t\t<img decoding=\"async\" width=\"58\" height=\"58\" src=\"https:\/\/reset.earth\/wp-content\/uploads\/2023\/11\/ICON-3.1.png\" class=\"attachment-large size-large wp-image-663\" alt=\"\" \/>\t\t\t\t\t\t\t\t\t\t\t\t\t\t\t<\/div>\n\t\t\t\t<\/div>\n\t\t\t\t<div class=\"elementor-element elementor-element-38e64de elementor-widget elementor-widget-heading\" data-id=\"38e64de\" data-element_type=\"widget\" data-e-type=\"widget\" data-widget_type=\"heading.default\">\n\t\t\t\t<div class=\"elementor-widget-container\">\n\t\t\t\t\t<h3 class=\"elementor-heading-title elementor-size-default\">VOUS VOUS D\u00c9VELOPPEZ<\/h3>\t\t\t\t<\/div>\n\t\t\t\t<\/div>\n\t\t\t\t<div class=\"elementor-element elementor-element-c2b1dcc elementor-widget elementor-widget-text-editor\" data-id=\"c2b1dcc\" data-element_type=\"widget\" data-e-type=\"widget\" data-widget_type=\"text-editor.default\">\n\t\t\t\t<div class=\"elementor-widget-container\">\n\t\t\t\t\t\t\t\t\t<p>entre approche conseil et expertises environnementales, dans un cabinet ambitieux et en forte croissance.<\/p>\t\t\t\t\t\t\t\t<\/div>\n\t\t\t\t<\/div>\n\t\t\t\t<\/div>\n\t\t\t\t<div class=\"elementor-element elementor-element-9c81593 elementor-widget elementor-widget-spacer\" data-id=\"9c81593\" data-element_type=\"widget\" data-e-type=\"widget\" data-widget_type=\"spacer.default\">\n\t\t\t\t<div class=\"elementor-widget-container\">\n\t\t\t\t\t\t\t<div class=\"elementor-spacer\">\n\t\t\t<div class=\"elementor-spacer-inner\"><\/div>\n\t\t<\/div>\n\t\t\t\t\t\t<\/div>\n\t\t\t\t<\/div>\n\t\t<div class=\"elementor-element elementor-element-8ca7d90 e-con-full e-flex e-con e-child\" data-id=\"8ca7d90\" data-element_type=\"container\" data-e-type=\"container\" data-settings=\"{&quot;background_background&quot;:&quot;classic&quot;}\">\n\t\t\t\t<div class=\"elementor-element elementor-element-fff7b42 elementor-widget elementor-widget-heading\" data-id=\"fff7b42\" data-element_type=\"widget\" data-e-type=\"widget\" data-widget_type=\"heading.default\">\n\t\t\t\t<div class=\"elementor-widget-container\">\n\t\t\t\t\t<h2 class=\"elementor-heading-title elementor-size-default\">POURQUOI VOUS<\/h2>\t\t\t\t<\/div>\n\t\t\t\t<\/div>\n\t\t\t\t<div class=\"elementor-element elementor-element-dd121e8 e-transform elementor-hidden-mobile_extra elementor-hidden-mobile elementor-widget elementor-widget-image\" data-id=\"dd121e8\" data-element_type=\"widget\" data-e-type=\"widget\" data-settings=\"{&quot;_transform_flipX_effect&quot;:&quot;transform&quot;}\" data-widget_type=\"image.default\">\n\t\t\t\t<div class=\"elementor-widget-container\">\n\t\t\t\t\t\t\t\t\t\t\t\t\t\t\t<img loading=\"lazy\" decoding=\"async\" width=\"74\" height=\"55\" src=\"https:\/\/reset.earth\/wp-content\/uploads\/2024\/01\/White-arrow-e1705923075800.png\" class=\"attachment-large size-large wp-image-1961\" alt=\"\" \/>\t\t\t\t\t\t\t\t\t\t\t\t\t\t\t<\/div>\n\t\t\t\t<\/div>\n\t\t\t\t<\/div>\n\t\t\t\t<\/div>\n\t\t<div class=\"elementor-element elementor-element-cb4be3f e-flex e-con-boxed e-con e-parent\" data-id=\"cb4be3f\" data-element_type=\"container\" data-e-type=\"container\" data-settings=\"{&quot;background_background&quot;:&quot;classic&quot;}\">\n\t\t\t\t\t<div class=\"e-con-inner\">\n\t\t<div class=\"elementor-element elementor-element-81733e5 e-con-full e-flex e-con e-child\" data-id=\"81733e5\" data-element_type=\"container\" data-e-type=\"container\">\n\t\t\t\t<div class=\"elementor-element elementor-element-9a00268 elementor-widget elementor-widget-image\" data-id=\"9a00268\" data-element_type=\"widget\" data-e-type=\"widget\" data-widget_type=\"image.default\">\n\t\t\t\t<div class=\"elementor-widget-container\">\n\t\t\t\t\t\t\t\t\t\t\t\t\t\t\t<img loading=\"lazy\" decoding=\"async\" width=\"218\" height=\"210\" src=\"https:\/\/reset.earth\/wp-content\/uploads\/2023\/11\/Recrutement-1.png\" class=\"attachment-large size-large wp-image-665\" alt=\"Mascotte (RE)SET pour nous rejoindre\" \/>\t\t\t\t\t\t\t\t\t\t\t\t\t\t\t<\/div>\n\t\t\t\t<\/div>\n\t\t\t\t<div class=\"elementor-element elementor-element-9030ef1 elementor-widget elementor-widget-heading\" data-id=\"9030ef1\" data-element_type=\"widget\" data-e-type=\"widget\" data-widget_type=\"heading.default\">\n\t\t\t\t<div class=\"elementor-widget-container\">\n\t\t\t\t\t<h2 class=\"elementor-heading-title elementor-size-default\">ON RECRUTE !<\/h2>\t\t\t\t<\/div>\n\t\t\t\t<\/div>\n\t\t\t\t<div class=\"elementor-element elementor-element-3059887 elementor-align-center elementor-widget elementor-widget-button\" data-id=\"3059887\" data-element_type=\"widget\" data-e-type=\"widget\" data-widget_type=\"button.default\">\n\t\t\t\t<div class=\"elementor-widget-container\">\n\t\t\t\t\t\t\t\t\t<div class=\"elementor-button-wrapper\">\n\t\t\t\t\t<a class=\"elementor-button elementor-button-link elementor-size-sm\" href=\"https:\/\/careers.smartrecruiters.com\/JulhietSterwen\/reset\" target=\"_blank\">\n\t\t\t\t\t\t<span class=\"elementor-button-content-wrapper\">\n\t\t\t\t\t\t\t\t\t<span class=\"elementor-button-text\">POSTULER<\/span>\n\t\t\t\t\t<\/span>\n\t\t\t\t\t<\/a>\n\t\t\t\t<\/div>\n\t\t\t\t\t\t\t\t<\/div>\n\t\t\t\t<\/div>\n\t\t\t\t<\/div>\n\t\t\t\t\t<\/div>\n\t\t\t\t<\/div>\n\t\t\t\t<\/div>\n\t\t","protected":false},"excerpt":{"rendered":"<p>NOUS REJOINDRE RIEN DE GRAND NE S\u2019EST ACCOMPLI DANS LE MONDE SANS PASSION Georg Wilhelm Friedrich Hegel On ne r\u00e9alise pas une transition en travaillant en silo. C\u2019est pourquoi notre \u00e9quipe est multidisciplinaire, r\u00e9unissant des talents venant de tous les horizons, qui savent activer les leviers pertinents aux moments opportuns. Plus de 50 sp\u00e9cialistes unis [&hellip;]<\/p>\n","protected":false},"author":1,"featured_media":1483,"parent":0,"menu_order":0,"comment_status":"closed","ping_status":"closed","template":"","meta":{"content-type":"","footnotes":""},"class_list":["post-658","page","type-page","status-publish","has-post-thumbnail","hentry"],"yoast_head":"<!-- This site is optimized with the Yoast SEO plugin v27.4 - https:\/\/yoast.com\/product\/yoast-seo-wordpress\/ -->\n<title>Nous rejoindre - (RE)SET - Cabinet de conseil en transition \u00e9conomique et environnementale<\/title>\n<meta name=\"description\" content=\"Rejoignez (RE)SET - Notre \u00e9quipe de plus de 50 experts, pour une transition \u00e9conomique et environnementale r\u00e9ussie.\" \/>\n<meta name=\"robots\" content=\"index, follow, max-snippet:-1, max-image-preview:large, max-video-preview:-1\" \/>\n<link rel=\"canonical\" href=\"https:\/\/reset.earth\/en\/rejoindre-la-team-reset\/\" \/>\n<meta property=\"og:locale\" content=\"en_US\" \/>\n<meta property=\"og:type\" content=\"article\" \/>\n<meta property=\"og:title\" content=\"Nous rejoindre - (RE)SET - Cabinet de conseil en transition \u00e9conomique et environnementale\" \/>\n<meta property=\"og:description\" content=\"Rejoignez (RE)SET - Notre \u00e9quipe de plus de 50 experts, pour une transition \u00e9conomique et environnementale r\u00e9ussie.\" \/>\n<meta property=\"og:url\" content=\"https:\/\/reset.earth\/en\/rejoindre-la-team-reset\/\" \/>\n<meta property=\"og:site_name\" content=\"(RE)SET - Cabinet de conseil en transition \u00e9conomique et environnementale\" \/>\n<meta property=\"article:modified_time\" content=\"2025-10-31T11:16:30+00:00\" \/>\n<meta property=\"og:image\" content=\"https:\/\/reset.earth\/wp-content\/uploads\/2023\/12\/Design-sans-titre-10.png\" \/>\n\t<meta property=\"og:image:width\" content=\"1440\" \/>\n\t<meta property=\"og:image:height\" content=\"453\" \/>\n\t<meta property=\"og:image:type\" content=\"image\/png\" \/>\n<meta name=\"twitter:card\" content=\"summary_large_image\" \/>\n<meta name=\"twitter:label1\" content=\"Est. reading time\" \/>\n\t<meta name=\"twitter:data1\" content=\"2 minutes\" \/>\n<script type=\"application\/ld+json\" class=\"yoast-schema-graph\">{\"@context\":\"https:\\\/\\\/schema.org\",\"@graph\":[{\"@type\":\"WebPage\",\"@id\":\"https:\\\/\\\/reset.earth\\\/rejoindre-la-team-reset\\\/\",\"url\":\"https:\\\/\\\/reset.earth\\\/rejoindre-la-team-reset\\\/\",\"name\":\"Nous rejoindre - (RE)SET - Cabinet de conseil en transition \u00e9conomique et environnementale\",\"isPartOf\":{\"@id\":\"https:\\\/\\\/reset.earth\\\/#website\"},\"primaryImageOfPage\":{\"@id\":\"https:\\\/\\\/reset.earth\\\/rejoindre-la-team-reset\\\/#primaryimage\"},\"image\":{\"@id\":\"https:\\\/\\\/reset.earth\\\/rejoindre-la-team-reset\\\/#primaryimage\"},\"thumbnailUrl\":\"https:\\\/\\\/reset.earth\\\/wp-content\\\/uploads\\\/2023\\\/12\\\/Design-sans-titre-10.png\",\"datePublished\":\"2023-11-23T17:18:44+00:00\",\"dateModified\":\"2025-10-31T11:16:30+00:00\",\"description\":\"Rejoignez (RE)SET - Notre \u00e9quipe de plus de 50 experts, pour une transition \u00e9conomique et environnementale r\u00e9ussie.\",\"breadcrumb\":{\"@id\":\"https:\\\/\\\/reset.earth\\\/rejoindre-la-team-reset\\\/#breadcrumb\"},\"inLanguage\":\"en-US\",\"potentialAction\":[{\"@type\":\"ReadAction\",\"target\":[\"https:\\\/\\\/reset.earth\\\/rejoindre-la-team-reset\\\/\"]}]},{\"@type\":\"ImageObject\",\"inLanguage\":\"en-US\",\"@id\":\"https:\\\/\\\/reset.earth\\\/rejoindre-la-team-reset\\\/#primaryimage\",\"url\":\"https:\\\/\\\/reset.earth\\\/wp-content\\\/uploads\\\/2023\\\/12\\\/Design-sans-titre-10.png\",\"contentUrl\":\"https:\\\/\\\/reset.earth\\\/wp-content\\\/uploads\\\/2023\\\/12\\\/Design-sans-titre-10.png\",\"width\":1440,\"height\":453,\"caption\":\"Photo d'\u00e9quipe, rejoignez-nous\"},{\"@type\":\"BreadcrumbList\",\"@id\":\"https:\\\/\\\/reset.earth\\\/rejoindre-la-team-reset\\\/#breadcrumb\",\"itemListElement\":[{\"@type\":\"ListItem\",\"position\":1,\"name\":\"Home\",\"item\":\"https:\\\/\\\/reset.earth\\\/\"},{\"@type\":\"ListItem\",\"position\":2,\"name\":\"Nous rejoindre\"}]},{\"@type\":\"WebSite\",\"@id\":\"https:\\\/\\\/reset.earth\\\/#website\",\"url\":\"https:\\\/\\\/reset.earth\\\/\",\"name\":\"(RE)SET - 1er cabinet de conseil en transition \u00e9conomique et environnementale\",\"description\":\"Resources to win environmental and economic battles\",\"publisher\":{\"@id\":\"https:\\\/\\\/reset.earth\\\/#organization\"},\"potentialAction\":[{\"@type\":\"SearchAction\",\"target\":{\"@type\":\"EntryPoint\",\"urlTemplate\":\"https:\\\/\\\/reset.earth\\\/?s={search_term_string}\"},\"query-input\":{\"@type\":\"PropertyValueSpecification\",\"valueRequired\":true,\"valueName\":\"search_term_string\"}}],\"inLanguage\":\"en-US\"},{\"@type\":\"Organization\",\"@id\":\"https:\\\/\\\/reset.earth\\\/#organization\",\"name\":\"(RE)SET - 1er cabinet de conseil en transition \u00e9conomique et environnementale\",\"url\":\"https:\\\/\\\/reset.earth\\\/\",\"logo\":{\"@type\":\"ImageObject\",\"inLanguage\":\"en-US\",\"@id\":\"https:\\\/\\\/reset.earth\\\/#\\\/schema\\\/logo\\\/image\\\/\",\"url\":\"https:\\\/\\\/reset.earth\\\/wp-content\\\/uploads\\\/2023\\\/10\\\/DARK-BLUE-RESET.png\",\"contentUrl\":\"https:\\\/\\\/reset.earth\\\/wp-content\\\/uploads\\\/2023\\\/10\\\/DARK-BLUE-RESET.png\",\"width\":1856,\"height\":538,\"caption\":\"(RE)SET - 1er cabinet de conseil en transition \u00e9conomique et environnementale\"},\"image\":{\"@id\":\"https:\\\/\\\/reset.earth\\\/#\\\/schema\\\/logo\\\/image\\\/\"}}]}<\/script>\n<!-- \/ Yoast SEO plugin. -->","yoast_head_json":{"title":"Nous rejoindre - (RE)SET - Cabinet de conseil en transition \u00e9conomique et environnementale","description":"Rejoignez (RE)SET - Notre \u00e9quipe de plus de 50 experts, pour une transition \u00e9conomique et environnementale r\u00e9ussie.","robots":{"index":"index","follow":"follow","max-snippet":"max-snippet:-1","max-image-preview":"max-image-preview:large","max-video-preview":"max-video-preview:-1"},"canonical":"https:\/\/reset.earth\/en\/rejoindre-la-team-reset\/","og_locale":"en_US","og_type":"article","og_title":"Nous rejoindre - (RE)SET - Cabinet de conseil en transition \u00e9conomique et environnementale","og_description":"Rejoignez (RE)SET - Notre \u00e9quipe de plus de 50 experts, pour une transition \u00e9conomique et environnementale r\u00e9ussie.","og_url":"https:\/\/reset.earth\/en\/rejoindre-la-team-reset\/","og_site_name":"(RE)SET - Cabinet de conseil en transition \u00e9conomique et environnementale","article_modified_time":"2025-10-31T11:16:30+00:00","og_image":[{"width":1440,"height":453,"url":"https:\/\/reset.earth\/wp-content\/uploads\/2023\/12\/Design-sans-titre-10.png","type":"image\/png"}],"twitter_card":"summary_large_image","twitter_misc":{"Est. reading time":"2 minutes"},"schema":{"@context":"https:\/\/schema.org","@graph":[{"@type":"WebPage","@id":"https:\/\/reset.earth\/rejoindre-la-team-reset\/","url":"https:\/\/reset.earth\/rejoindre-la-team-reset\/","name":"Nous rejoindre - (RE)SET - Cabinet de conseil en transition \u00e9conomique et environnementale","isPartOf":{"@id":"https:\/\/reset.earth\/#website"},"primaryImageOfPage":{"@id":"https:\/\/reset.earth\/rejoindre-la-team-reset\/#primaryimage"},"image":{"@id":"https:\/\/reset.earth\/rejoindre-la-team-reset\/#primaryimage"},"thumbnailUrl":"https:\/\/reset.earth\/wp-content\/uploads\/2023\/12\/Design-sans-titre-10.png","datePublished":"2023-11-23T17:18:44+00:00","dateModified":"2025-10-31T11:16:30+00:00","description":"Rejoignez (RE)SET - Notre \u00e9quipe de plus de 50 experts, pour une transition \u00e9conomique et environnementale r\u00e9ussie.","breadcrumb":{"@id":"https:\/\/reset.earth\/rejoindre-la-team-reset\/#breadcrumb"},"inLanguage":"en-US","potentialAction":[{"@type":"ReadAction","target":["https:\/\/reset.earth\/rejoindre-la-team-reset\/"]}]},{"@type":"ImageObject","inLanguage":"en-US","@id":"https:\/\/reset.earth\/rejoindre-la-team-reset\/#primaryimage","url":"https:\/\/reset.earth\/wp-content\/uploads\/2023\/12\/Design-sans-titre-10.png","contentUrl":"https:\/\/reset.earth\/wp-content\/uploads\/2023\/12\/Design-sans-titre-10.png","width":1440,"height":453,"caption":"Photo d'\u00e9quipe, rejoignez-nous"},{"@type":"BreadcrumbList","@id":"https:\/\/reset.earth\/rejoindre-la-team-reset\/#breadcrumb","itemListElement":[{"@type":"ListItem","position":1,"name":"Home","item":"https:\/\/reset.earth\/"},{"@type":"ListItem","position":2,"name":"Nous rejoindre"}]},{"@type":"WebSite","@id":"https:\/\/reset.earth\/#website","url":"https:\/\/reset.earth\/","name":"(RE)SET - 1er cabinet de conseil en transition \u00e9conomique et environnementale","description":"Resources to win environmental and economic battles","publisher":{"@id":"https:\/\/reset.earth\/#organization"},"potentialAction":[{"@type":"SearchAction","target":{"@type":"EntryPoint","urlTemplate":"https:\/\/reset.earth\/?s={search_term_string}"},"query-input":{"@type":"PropertyValueSpecification","valueRequired":true,"valueName":"search_term_string"}}],"inLanguage":"en-US"},{"@type":"Organization","@id":"https:\/\/reset.earth\/#organization","name":"(RE)SET - 1er cabinet de conseil en transition \u00e9conomique et environnementale","url":"https:\/\/reset.earth\/","logo":{"@type":"ImageObject","inLanguage":"en-US","@id":"https:\/\/reset.earth\/#\/schema\/logo\/image\/","url":"https:\/\/reset.earth\/wp-content\/uploads\/2023\/10\/DARK-BLUE-RESET.png","contentUrl":"https:\/\/reset.earth\/wp-content\/uploads\/2023\/10\/DARK-BLUE-RESET.png","width":1856,"height":538,"caption":"(RE)SET - 1er cabinet de conseil en transition \u00e9conomique et environnementale"},"image":{"@id":"https:\/\/reset.earth\/#\/schema\/logo\/image\/"}}]}},"_links":{"self":[{"href":"https:\/\/reset.earth\/en\/wp-json\/wp\/v2\/pages\/658","targetHints":{"allow":["GET"]}}],"collection":[{"href":"https:\/\/reset.earth\/en\/wp-json\/wp\/v2\/pages"}],"about":[{"href":"https:\/\/reset.earth\/en\/wp-json\/wp\/v2\/types\/page"}],"author":[{"embeddable":true,"href":"https:\/\/reset.earth\/en\/wp-json\/wp\/v2\/users\/1"}],"replies":[{"embeddable":true,"href":"https:\/\/reset.earth\/en\/wp-json\/wp\/v2\/comments?post=658"}],"version-history":[{"count":66,"href":"https:\/\/reset.earth\/en\/wp-json\/wp\/v2\/pages\/658\/revisions"}],"predecessor-version":[{"id":7640,"href":"https:\/\/reset.earth\/en\/wp-json\/wp\/v2\/pages\/658\/revisions\/7640"}],"wp:featuredmedia":[{"embeddable":true,"href":"https:\/\/reset.earth\/en\/wp-json\/wp\/v2\/media\/1483"}],"wp:attachment":[{"href":"https:\/\/reset.earth\/en\/wp-json\/wp\/v2\/media?parent=658"}],"curies":[{"name":"wp","href":"https:\/\/api.w.org\/{rel}","templated":true}]}}