{"id":7312,"date":"2025-10-15T17:54:17","date_gmt":"2025-10-15T16:54:17","guid":{"rendered":"https:\/\/reset.earth\/?page_id=7312"},"modified":"2025-10-16T09:40:50","modified_gmt":"2025-10-16T08:40:50","slug":"video-rethink-the-model","status":"publish","type":"page","link":"https:\/\/reset.earth\/en\/video-rethink-the-model\/","title":{"rendered":"Vid\u00e9o &#8211; (RE)THINK THE MODEL"},"content":{"rendered":"<div data-elementor-type=\"wp-page\" data-elementor-id=\"7312\" class=\"elementor elementor-7312\" data-elementor-post-type=\"page\">\n\t\t\t\t<div class=\"elementor-element elementor-element-85d4085 e-con-full e-flex e-con e-parent\" data-id=\"85d4085\" data-element_type=\"container\" data-e-type=\"container\" data-settings=\"{&quot;background_background&quot;:&quot;classic&quot;}\">\n\t\t<div class=\"elementor-element elementor-element-4423a97 e-flex e-con-boxed e-con e-child\" data-id=\"4423a97\" data-element_type=\"container\" data-e-type=\"container\" data-settings=\"{&quot;background_background&quot;:&quot;classic&quot;}\">\n\t\t\t\t\t<div class=\"e-con-inner\">\n\t\t<div class=\"elementor-element elementor-element-4b5d678 e-flex e-con-boxed e-con e-child\" data-id=\"4b5d678\" data-element_type=\"container\" data-e-type=\"container\" data-settings=\"{&quot;background_background&quot;:&quot;classic&quot;}\">\n\t\t\t\t\t<div class=\"e-con-inner\">\n\t\t\t\t<div class=\"elementor-element elementor-element-fdfed45 elementor-widget elementor-widget-heading\" data-id=\"fdfed45\" data-element_type=\"widget\" data-e-type=\"widget\" data-widget_type=\"heading.default\">\n\t\t\t\t<div class=\"elementor-widget-container\">\n\t\t\t\t\t<h2 class=\"elementor-heading-title elementor-size-default\">REVIVEZ LES INTERVENTIONS DE NOTRE \u00c9V\u00c8NEMENT DE LANCEMENT<\/h2>\t\t\t\t<\/div>\n\t\t\t\t<\/div>\n\t\t\t\t<div class=\"elementor-element elementor-element-cc3c207 elementor-widget__width-initial elementor-widget elementor-widget-video\" data-id=\"cc3c207\" data-element_type=\"widget\" data-e-type=\"widget\" data-settings=\"{&quot;video_type&quot;:&quot;hosted&quot;,&quot;autoplay&quot;:&quot;yes&quot;,&quot;play_on_mobile&quot;:&quot;yes&quot;,&quot;controls&quot;:&quot;yes&quot;}\" data-widget_type=\"video.default\">\n\t\t\t\t<div class=\"elementor-widget-container\">\n\t\t\t\t\t\t\t<div class=\"e-hosted-video elementor-wrapper elementor-open-inline\">\n\t\t\t\t\t<video class=\"elementor-video\" src=\"https:\/\/reset.earth\/wp-content\/uploads\/2025\/10\/Sequence-03.mp4\" autoplay=\"\" controls=\"\" playsinline=\"\" controlslist=\"nodownload\" poster=\"https:\/\/reset.earth\/wp-content\/uploads\/2025\/10\/Capture-decran-2025-10-06-a-16.56.18.jpg\"><\/video>\n\t\t\t\t<\/div>\n\t\t\t\t\t\t<\/div>\n\t\t\t\t<\/div>\n\t\t\t\t\t<\/div>\n\t\t\t\t<\/div>\n\t\t\t\t\t<\/div>\n\t\t\t\t<\/div>\n\t\t\t\t<\/div>\n\t\t\t\t<\/div>","protected":false},"excerpt":{"rendered":"<p>REVIVEZ LES INTERVENTIONS DE NOTRE \u00c9V\u00c8NEMENT DE LANCEMENT https:\/\/reset.earth\/wp-content\/uploads\/2025\/10\/Sequence-03.mp4<\/p>","protected":false},"author":1,"featured_media":0,"parent":0,"menu_order":0,"comment_status":"closed","ping_status":"closed","template":"","meta":{"content-type":"","footnotes":""},"class_list":["post-7312","page","type-page","status-publish","hentry"],"yoast_head":"<!-- This site is optimized with the Yoast SEO plugin v27.4 - https:\/\/yoast.com\/product\/yoast-seo-wordpress\/ -->\n<title>Vid\u00e9o - (RE)THINK THE MODEL - (RE)SET - Cabinet de conseil en transition \u00e9conomique et environnementale<\/title>\n<meta name=\"robots\" content=\"index, follow, max-snippet:-1, max-image-preview:large, max-video-preview:-1\" \/>\n<link rel=\"canonical\" href=\"https:\/\/reset.earth\/en\/video-rethink-the-model\/\" \/>\n<meta property=\"og:locale\" content=\"en_US\" \/>\n<meta property=\"og:type\" content=\"article\" \/>\n<meta property=\"og:title\" content=\"Vid\u00e9o - (RE)THINK THE MODEL - (RE)SET - Cabinet de conseil en transition \u00e9conomique et environnementale\" \/>\n<meta property=\"og:description\" content=\"REVIVEZ LES INTERVENTIONS DE NOTRE \u00c9V\u00c8NEMENT DE LANCEMENT https:\/\/reset.earth\/wp-content\/uploads\/2025\/10\/Sequence-03.mp4\" \/>\n<meta property=\"og:url\" content=\"https:\/\/reset.earth\/en\/video-rethink-the-model\/\" \/>\n<meta property=\"og:site_name\" content=\"(RE)SET - Cabinet de conseil en transition \u00e9conomique et environnementale\" \/>\n<meta property=\"article:modified_time\" content=\"2025-10-16T08:40:50+00:00\" \/>\n<meta name=\"twitter:card\" content=\"summary_large_image\" \/>\n<meta name=\"twitter:label1\" content=\"Est. reading time\" \/>\n\t<meta name=\"twitter:data1\" content=\"1 minute\" \/>\n<script type=\"application\/ld+json\" class=\"yoast-schema-graph\">{\"@context\":\"https:\\\/\\\/schema.org\",\"@graph\":[{\"@type\":\"WebPage\",\"@id\":\"https:\\\/\\\/reset.earth\\\/video-rethink-the-model\\\/\",\"url\":\"https:\\\/\\\/reset.earth\\\/video-rethink-the-model\\\/\",\"name\":\"Vid\u00e9o - (RE)THINK THE MODEL - (RE)SET - Cabinet de conseil en transition \u00e9conomique et environnementale\",\"isPartOf\":{\"@id\":\"https:\\\/\\\/reset.earth\\\/#website\"},\"datePublished\":\"2025-10-15T16:54:17+00:00\",\"dateModified\":\"2025-10-16T08:40:50+00:00\",\"breadcrumb\":{\"@id\":\"https:\\\/\\\/reset.earth\\\/video-rethink-the-model\\\/#breadcrumb\"},\"inLanguage\":\"en-US\",\"potentialAction\":[{\"@type\":\"ReadAction\",\"target\":[\"https:\\\/\\\/reset.earth\\\/video-rethink-the-model\\\/\"]}]},{\"@type\":\"BreadcrumbList\",\"@id\":\"https:\\\/\\\/reset.earth\\\/video-rethink-the-model\\\/#breadcrumb\",\"itemListElement\":[{\"@type\":\"ListItem\",\"position\":1,\"name\":\"Home\",\"item\":\"https:\\\/\\\/reset.earth\\\/\"},{\"@type\":\"ListItem\",\"position\":2,\"name\":\"Vid\u00e9o &#8211; (RE)THINK THE MODEL\"}]},{\"@type\":\"WebSite\",\"@id\":\"https:\\\/\\\/reset.earth\\\/#website\",\"url\":\"https:\\\/\\\/reset.earth\\\/\",\"name\":\"(RE)SET - 1er cabinet de conseil en transition \u00e9conomique et environnementale\",\"description\":\"Resources to win environmental and economic battles\",\"publisher\":{\"@id\":\"https:\\\/\\\/reset.earth\\\/#organization\"},\"potentialAction\":[{\"@type\":\"SearchAction\",\"target\":{\"@type\":\"EntryPoint\",\"urlTemplate\":\"https:\\\/\\\/reset.earth\\\/?s={search_term_string}\"},\"query-input\":{\"@type\":\"PropertyValueSpecification\",\"valueRequired\":true,\"valueName\":\"search_term_string\"}}],\"inLanguage\":\"en-US\"},{\"@type\":\"Organization\",\"@id\":\"https:\\\/\\\/reset.earth\\\/#organization\",\"name\":\"(RE)SET - 1er cabinet de conseil en transition \u00e9conomique et environnementale\",\"url\":\"https:\\\/\\\/reset.earth\\\/\",\"logo\":{\"@type\":\"ImageObject\",\"inLanguage\":\"en-US\",\"@id\":\"https:\\\/\\\/reset.earth\\\/#\\\/schema\\\/logo\\\/image\\\/\",\"url\":\"https:\\\/\\\/reset.earth\\\/wp-content\\\/uploads\\\/2023\\\/10\\\/DARK-BLUE-RESET.png\",\"contentUrl\":\"https:\\\/\\\/reset.earth\\\/wp-content\\\/uploads\\\/2023\\\/10\\\/DARK-BLUE-RESET.png\",\"width\":1856,\"height\":538,\"caption\":\"(RE)SET - 1er cabinet de conseil en transition \u00e9conomique et environnementale\"},\"image\":{\"@id\":\"https:\\\/\\\/reset.earth\\\/#\\\/schema\\\/logo\\\/image\\\/\"}}]}<\/script>\n<!-- \/ Yoast SEO plugin. -->","yoast_head_json":{"title":"Vid\u00e9o - (RE)THINK THE MODEL - (RE)SET - Cabinet de conseil en transition \u00e9conomique et environnementale","robots":{"index":"index","follow":"follow","max-snippet":"max-snippet:-1","max-image-preview":"max-image-preview:large","max-video-preview":"max-video-preview:-1"},"canonical":"https:\/\/reset.earth\/en\/video-rethink-the-model\/","og_locale":"en_US","og_type":"article","og_title":"Vid\u00e9o - (RE)THINK THE MODEL - (RE)SET - Cabinet de conseil en transition \u00e9conomique et environnementale","og_description":"REVIVEZ LES INTERVENTIONS DE NOTRE \u00c9V\u00c8NEMENT DE LANCEMENT https:\/\/reset.earth\/wp-content\/uploads\/2025\/10\/Sequence-03.mp4","og_url":"https:\/\/reset.earth\/en\/video-rethink-the-model\/","og_site_name":"(RE)SET - Cabinet de conseil en transition \u00e9conomique et environnementale","article_modified_time":"2025-10-16T08:40:50+00:00","twitter_card":"summary_large_image","twitter_misc":{"Est. reading time":"1 minute"},"schema":{"@context":"https:\/\/schema.org","@graph":[{"@type":"WebPage","@id":"https:\/\/reset.earth\/video-rethink-the-model\/","url":"https:\/\/reset.earth\/video-rethink-the-model\/","name":"Vid\u00e9o - (RE)THINK THE MODEL - (RE)SET - Cabinet de conseil en transition \u00e9conomique et environnementale","isPartOf":{"@id":"https:\/\/reset.earth\/#website"},"datePublished":"2025-10-15T16:54:17+00:00","dateModified":"2025-10-16T08:40:50+00:00","breadcrumb":{"@id":"https:\/\/reset.earth\/video-rethink-the-model\/#breadcrumb"},"inLanguage":"en-US","potentialAction":[{"@type":"ReadAction","target":["https:\/\/reset.earth\/video-rethink-the-model\/"]}]},{"@type":"BreadcrumbList","@id":"https:\/\/reset.earth\/video-rethink-the-model\/#breadcrumb","itemListElement":[{"@type":"ListItem","position":1,"name":"Home","item":"https:\/\/reset.earth\/"},{"@type":"ListItem","position":2,"name":"Vid\u00e9o &#8211; (RE)THINK THE MODEL"}]},{"@type":"WebSite","@id":"https:\/\/reset.earth\/#website","url":"https:\/\/reset.earth\/","name":"(RE)SET - 1er cabinet de conseil en transition \u00e9conomique et environnementale","description":"Resources to win environmental and economic battles","publisher":{"@id":"https:\/\/reset.earth\/#organization"},"potentialAction":[{"@type":"SearchAction","target":{"@type":"EntryPoint","urlTemplate":"https:\/\/reset.earth\/?s={search_term_string}"},"query-input":{"@type":"PropertyValueSpecification","valueRequired":true,"valueName":"search_term_string"}}],"inLanguage":"en-US"},{"@type":"Organization","@id":"https:\/\/reset.earth\/#organization","name":"(RE)SET - 1er cabinet de conseil en transition \u00e9conomique et environnementale","url":"https:\/\/reset.earth\/","logo":{"@type":"ImageObject","inLanguage":"en-US","@id":"https:\/\/reset.earth\/#\/schema\/logo\/image\/","url":"https:\/\/reset.earth\/wp-content\/uploads\/2023\/10\/DARK-BLUE-RESET.png","contentUrl":"https:\/\/reset.earth\/wp-content\/uploads\/2023\/10\/DARK-BLUE-RESET.png","width":1856,"height":538,"caption":"(RE)SET - 1er cabinet de conseil en transition \u00e9conomique et environnementale"},"image":{"@id":"https:\/\/reset.earth\/#\/schema\/logo\/image\/"}}]}},"_links":{"self":[{"href":"https:\/\/reset.earth\/en\/wp-json\/wp\/v2\/pages\/7312","targetHints":{"allow":["GET"]}}],"collection":[{"href":"https:\/\/reset.earth\/en\/wp-json\/wp\/v2\/pages"}],"about":[{"href":"https:\/\/reset.earth\/en\/wp-json\/wp\/v2\/types\/page"}],"author":[{"embeddable":true,"href":"https:\/\/reset.earth\/en\/wp-json\/wp\/v2\/users\/1"}],"replies":[{"embeddable":true,"href":"https:\/\/reset.earth\/en\/wp-json\/wp\/v2\/comments?post=7312"}],"version-history":[{"count":13,"href":"https:\/\/reset.earth\/en\/wp-json\/wp\/v2\/pages\/7312\/revisions"}],"predecessor-version":[{"id":7329,"href":"https:\/\/reset.earth\/en\/wp-json\/wp\/v2\/pages\/7312\/revisions\/7329"}],"wp:attachment":[{"href":"https:\/\/reset.earth\/en\/wp-json\/wp\/v2\/media?parent=7312"}],"curies":[{"name":"wp","href":"https:\/\/api.w.org\/{rel}","templated":true}]}}